{"id":2,"date":"2024-12-02T09:34:55","date_gmt":"2024-12-02T08:34:55","guid":{"rendered":"http:\/\/le30.info\/?page_id=2"},"modified":"2025-04-28T21:10:26","modified_gmt":"2025-04-28T19:10:26","slug":"page-d-exemple","status":"publish","type":"page","link":"https:\/\/le30.info\/","title":{"rendered":"Bienvenue sur le 30.info"},"content":{"rendered":"\n<p>Vous \u00eates sur le site web du journal bimestriel Le 30. le30.info vous propose une partie des articles contenus dans le journal papier, gratuitement. Si vous voulez lire nos autres articles exclusifs, n&rsquo;h\u00e9sitez pas \u00e0 vous procurer une version papier de notre journal. Vous trouverez \u00e9galement sur ce site des articles exclusivement disponibles au format num\u00e9rique. <\/p>\n\n\n\n<p>Si vous souhaitez nous contacter,  envoyez un mail \u00e0 contact@le30.info.<\/p>\n\n\n\n<p>Une s\u00e9lection de nos derniers articles : <\/p>\n\n\n<ul class=\"wp-block-latest-posts__list is-grid columns-3 wp-block-latest-posts\"><li><a class=\"wp-block-latest-posts__post-title\" href=\"https:\/\/le30.info\/index.php\/2026\/03\/13\/thibaut-legube-veut-la-fin-de-limmobilisme-et-reinventer-chauvigny\/\">Thibaut Legube veut \u00ab la fin de l\u2019immobilisme \u00bbet r\u00e9inventer Chauvigny<\/a><\/li>\n<li><a class=\"wp-block-latest-posts__post-title\" href=\"https:\/\/le30.info\/index.php\/2026\/03\/10\/profil-sociologique-des-listes-electorales-quelle-liste-est-la-plus-a-meme-de-vous-representer\/\">Profil sociologique des listes \u00e9lectorales, quelle liste est la plus \u00e0 m\u00eame de vous repr\u00e9senter ?<\/a><\/li>\n<li><a class=\"wp-block-latest-posts__post-title\" href=\"https:\/\/le30.info\/index.php\/2025\/10\/12\/poitiers-une-majorite-a-limage-des-elites-pas-des-habitant-es\/\">Poitiers : Une majorit\u00e9 \u00e0 l\u2019image des \u00e9lites, pas des habitant.es ?<\/a><\/li>\n<li><a class=\"wp-block-latest-posts__post-title\" href=\"https:\/\/le30.info\/index.php\/2025\/04\/28\/controles-dans-les-bus-a-poitiers-la-catastrophe\/\">Transport \u00e0 Poitiers : une politique de contr\u00f4le \u00e0 bout de souffle<\/a><\/li>\n<\/ul>\n\n\n<p><\/p>\n","protected":false},"excerpt":{"rendered":"<p>Vous \u00eates sur le site web du journal bimestriel Le 30. le30.info vous propose une partie des articles contenus dans le journal papier, gratuitement. Si [&hellip;]<\/p>\n","protected":false},"author":1,"featured_media":0,"parent":0,"menu_order":0,"comment_status":"closed","ping_status":"closed","template":"","meta":{"_monsterinsights_skip_tracking":false,"_monsterinsights_sitenote_active":false,"_monsterinsights_sitenote_note":"","_monsterinsights_sitenote_category":0,"_themeisle_gutenberg_block_has_review":false,"footnotes":""},"class_list":["post-2","page","type-page","status-publish","hentry"],"aioseo_notices":[],"_links":{"self":[{"href":"https:\/\/le30.info\/index.php\/wp-json\/wp\/v2\/pages\/2","targetHints":{"allow":["GET"]}}],"collection":[{"href":"https:\/\/le30.info\/index.php\/wp-json\/wp\/v2\/pages"}],"about":[{"href":"https:\/\/le30.info\/index.php\/wp-json\/wp\/v2\/types\/page"}],"author":[{"embeddable":true,"href":"https:\/\/le30.info\/index.php\/wp-json\/wp\/v2\/users\/1"}],"replies":[{"embeddable":true,"href":"https:\/\/le30.info\/index.php\/wp-json\/wp\/v2\/comments?post=2"}],"version-history":[{"count":5,"href":"https:\/\/le30.info\/index.php\/wp-json\/wp\/v2\/pages\/2\/revisions"}],"predecessor-version":[{"id":87,"href":"https:\/\/le30.info\/index.php\/wp-json\/wp\/v2\/pages\/2\/revisions\/87"}],"wp:attachment":[{"href":"https:\/\/le30.info\/index.php\/wp-json\/wp\/v2\/media?parent=2"}],"curies":[{"name":"wp","href":"https:\/\/api.w.org\/{rel}","templated":true}]}}